{"id":137,"date":"2021-03-26T15:18:06","date_gmt":"2021-03-26T15:18:06","guid":{"rendered":"https:\/\/flymassena.com\/?page_id=137"},"modified":"2024-12-16T00:58:06","modified_gmt":"2024-12-16T00:58:06","slug":"news","status":"publish","type":"page","link":"https:\/\/flymassena.com\/fr\/news\/","title":{"rendered":"Nouvelles"},"content":{"rendered":"<div data-elementor-type=\"wp-page\" data-elementor-id=\"137\" class=\"elementor elementor-137\" data-elementor-post-type=\"page\">\n\t\t\t\t\t\t<section class=\"elementor-section elementor-top-section elementor-element elementor-element-8dd532f elementor-section-height-min-height elementor-section-boxed elementor-section-height-default elementor-section-items-middle\" data-id=\"8dd532f\" data-element_type=\"section\" data-settings=\"{&quot;jet_parallax_layout_list&quot;:[{&quot;jet_parallax_layout_image&quot;:{&quot;url&quot;:&quot;&quot;,&quot;id&quot;:&quot;&quot;,&quot;size&quot;:&quot;&quot;},&quot;_id&quot;:&quot;f8407b0&quot;,&quot;jet_parallax_layout_image_tablet&quot;:{&quot;url&quot;:&quot;&quot;,&quot;id&quot;:&quot;&quot;,&quot;size&quot;:&quot;&quot;},&quot;jet_parallax_layout_image_mobile&quot;:{&quot;url&quot;:&quot;&quot;,&quot;id&quot;:&quot;&quot;,&quot;size&quot;:&quot;&quot;},&quot;jet_parallax_layout_speed&quot;:{&quot;unit&quot;:&quot;%&quot;,&quot;size&quot;:50,&quot;sizes&quot;:[]},&quot;jet_parallax_layout_type&quot;:&quot;scroll&quot;,&quot;jet_parallax_layout_direction&quot;:null,&quot;jet_parallax_layout_fx_direction&quot;:null,&quot;jet_parallax_layout_z_index&quot;:&quot;&quot;,&quot;jet_parallax_layout_bg_x&quot;:50,&quot;jet_parallax_layout_bg_x_tablet&quot;:&quot;&quot;,&quot;jet_parallax_layout_bg_x_mobile&quot;:&quot;&quot;,&quot;jet_parallax_layout_bg_y&quot;:50,&quot;jet_parallax_layout_bg_y_tablet&quot;:&quot;&quot;,&quot;jet_parallax_layout_bg_y_mobile&quot;:&quot;&quot;,&quot;jet_parallax_layout_bg_size&quot;:&quot;auto&quot;,&quot;jet_parallax_layout_bg_size_tablet&quot;:&quot;&quot;,&quot;jet_parallax_layout_bg_size_mobile&quot;:&quot;&quot;,&quot;jet_parallax_layout_animation_prop&quot;:&quot;transform&quot;,&quot;jet_parallax_layout_on&quot;:[&quot;desktop&quot;,&quot;tablet&quot;]}],&quot;background_background&quot;:&quot;classic&quot;}\">\n\t\t\t\t\t\t\t<div class=\"elementor-background-overlay\"><\/div>\n\t\t\t\t\t\t\t<div class=\"elementor-container elementor-column-gap-default\">\n\t\t\t\t\t<div class=\"elementor-column elementor-col-100 elementor-top-column elementor-element elementor-element-cd36797\" data-id=\"cd36797\" data-element_type=\"column\">\n\t\t\t<div class=\"elementor-widget-wrap elementor-element-populated\">\n\t\t\t\t\t\t<div class=\"elementor-element elementor-element-e0406cd elementor-widget elementor-widget-heading\" data-id=\"e0406cd\" data-element_type=\"widget\" data-widget_type=\"heading.default\">\n\t\t\t\t<div class=\"elementor-widget-container\">\n\t\t\t\t\t<h2 class=\"elementor-heading-title elementor-size-default\">Derni\u00e8res nouvelles<\/h2>\t\t\t\t<\/div>\n\t\t\t\t<\/div>\n\t\t\t\t\t<\/div>\n\t\t<\/div>\n\t\t\t\t\t<\/div>\n\t\t<\/section>\n\t\t\t\t<section class=\"elementor-section elementor-top-section elementor-element elementor-element-42ef18d elementor-section-boxed elementor-section-height-default elementor-section-height-default\" data-id=\"42ef18d\" data-element_type=\"section\" data-settings=\"{&quot;jet_parallax_layout_list&quot;:[{&quot;jet_parallax_layout_image&quot;:{&quot;url&quot;:&quot;&quot;,&quot;id&quot;:&quot;&quot;,&quot;size&quot;:&quot;&quot;},&quot;_id&quot;:&quot;451d466&quot;,&quot;jet_parallax_layout_image_tablet&quot;:{&quot;url&quot;:&quot;&quot;,&quot;id&quot;:&quot;&quot;,&quot;size&quot;:&quot;&quot;},&quot;jet_parallax_layout_image_mobile&quot;:{&quot;url&quot;:&quot;&quot;,&quot;id&quot;:&quot;&quot;,&quot;size&quot;:&quot;&quot;},&quot;jet_parallax_layout_speed&quot;:{&quot;unit&quot;:&quot;%&quot;,&quot;size&quot;:50,&quot;sizes&quot;:[]},&quot;jet_parallax_layout_type&quot;:&quot;scroll&quot;,&quot;jet_parallax_layout_direction&quot;:null,&quot;jet_parallax_layout_fx_direction&quot;:null,&quot;jet_parallax_layout_z_index&quot;:&quot;&quot;,&quot;jet_parallax_layout_bg_x&quot;:50,&quot;jet_parallax_layout_bg_x_tablet&quot;:&quot;&quot;,&quot;jet_parallax_layout_bg_x_mobile&quot;:&quot;&quot;,&quot;jet_parallax_layout_bg_y&quot;:50,&quot;jet_parallax_layout_bg_y_tablet&quot;:&quot;&quot;,&quot;jet_parallax_layout_bg_y_mobile&quot;:&quot;&quot;,&quot;jet_parallax_layout_bg_size&quot;:&quot;auto&quot;,&quot;jet_parallax_layout_bg_size_tablet&quot;:&quot;&quot;,&quot;jet_parallax_layout_bg_size_mobile&quot;:&quot;&quot;,&quot;jet_parallax_layout_animation_prop&quot;:&quot;transform&quot;,&quot;jet_parallax_layout_on&quot;:[&quot;desktop&quot;,&quot;tablet&quot;]}]}\">\n\t\t\t\t\t\t<div class=\"elementor-container elementor-column-gap-default\">\n\t\t\t\t\t<div class=\"elementor-column elementor-col-100 elementor-top-column elementor-element elementor-element-cc9c0b9\" data-id=\"cc9c0b9\" data-element_type=\"column\">\n\t\t\t<div class=\"elementor-widget-wrap elementor-element-populated\">\n\t\t\t\t\t\t<div class=\"elementor-element elementor-element-6c65126 elementor-widget elementor-widget-spacer\" data-id=\"6c65126\" data-element_type=\"widget\" data-widget_type=\"spacer.default\">\n\t\t\t\t<div class=\"elementor-widget-container\">\n\t\t\t\t\t\t\t<div class=\"elementor-spacer\">\n\t\t\t<div class=\"elementor-spacer-inner\"><\/div>\n\t\t<\/div>\n\t\t\t\t\t\t<\/div>\n\t\t\t\t<\/div>\n\t\t\t\t\t<\/div>\n\t\t<\/div>\n\t\t\t\t\t<\/div>\n\t\t<\/section>\n\t\t\t\t<section class=\"elementor-section elementor-top-section elementor-element elementor-element-5f69822 elementor-section-boxed elementor-section-height-default elementor-section-height-default\" data-id=\"5f69822\" data-element_type=\"section\" data-settings=\"{&quot;jet_parallax_layout_list&quot;:[{&quot;jet_parallax_layout_image&quot;:{&quot;url&quot;:&quot;&quot;,&quot;id&quot;:&quot;&quot;,&quot;size&quot;:&quot;&quot;},&quot;_id&quot;:&quot;3870eba&quot;,&quot;jet_parallax_layout_image_tablet&quot;:{&quot;url&quot;:&quot;&quot;,&quot;id&quot;:&quot;&quot;,&quot;size&quot;:&quot;&quot;},&quot;jet_parallax_layout_image_mobile&quot;:{&quot;url&quot;:&quot;&quot;,&quot;id&quot;:&quot;&quot;,&quot;size&quot;:&quot;&quot;},&quot;jet_parallax_layout_speed&quot;:{&quot;unit&quot;:&quot;%&quot;,&quot;size&quot;:50,&quot;sizes&quot;:[]},&quot;jet_parallax_layout_type&quot;:&quot;scroll&quot;,&quot;jet_parallax_layout_direction&quot;:null,&quot;jet_parallax_layout_fx_direction&quot;:null,&quot;jet_parallax_layout_z_index&quot;:&quot;&quot;,&quot;jet_parallax_layout_bg_x&quot;:50,&quot;jet_parallax_layout_bg_x_tablet&quot;:&quot;&quot;,&quot;jet_parallax_layout_bg_x_mobile&quot;:&quot;&quot;,&quot;jet_parallax_layout_bg_y&quot;:50,&quot;jet_parallax_layout_bg_y_tablet&quot;:&quot;&quot;,&quot;jet_parallax_layout_bg_y_mobile&quot;:&quot;&quot;,&quot;jet_parallax_layout_bg_size&quot;:&quot;auto&quot;,&quot;jet_parallax_layout_bg_size_tablet&quot;:&quot;&quot;,&quot;jet_parallax_layout_bg_size_mobile&quot;:&quot;&quot;,&quot;jet_parallax_layout_animation_prop&quot;:&quot;transform&quot;,&quot;jet_parallax_layout_on&quot;:[&quot;desktop&quot;,&quot;tablet&quot;]}]}\">\n\t\t\t\t\t\t<div class=\"elementor-container elementor-column-gap-default\">\n\t\t\t\t\t<div class=\"elementor-column elementor-col-100 elementor-top-column elementor-element elementor-element-3f79f8b\" data-id=\"3f79f8b\" data-element_type=\"column\">\n\t\t\t<div class=\"elementor-widget-wrap elementor-element-populated\">\n\t\t\t\t\t\t<div class=\"elementor-element elementor-element-0cc3981 elementor-grid-3 elementor-grid-tablet-2 elementor-grid-mobile-1 elementor-posts--thumbnail-top elementor-widget elementor-widget-posts\" data-id=\"0cc3981\" data-element_type=\"widget\" data-settings=\"{&quot;classic_columns&quot;:&quot;3&quot;,&quot;classic_columns_tablet&quot;:&quot;2&quot;,&quot;classic_columns_mobile&quot;:&quot;1&quot;,&quot;classic_row_gap&quot;:{&quot;unit&quot;:&quot;px&quot;,&quot;size&quot;:35,&quot;sizes&quot;:[]},&quot;classic_row_gap_tablet&quot;:{&quot;unit&quot;:&quot;px&quot;,&quot;size&quot;:&quot;&quot;,&quot;sizes&quot;:[]},&quot;classic_row_gap_mobile&quot;:{&quot;unit&quot;:&quot;px&quot;,&quot;size&quot;:&quot;&quot;,&quot;sizes&quot;:[]}}\" data-widget_type=\"posts.classic\">\n\t\t\t\t<div class=\"elementor-widget-container\">\n\t\t\t\t\t\t\t<div class=\"elementor-posts-container elementor-posts elementor-posts--skin-classic elementor-grid\" role=\"list\">\n\t\t\t\t<article class=\"elementor-post elementor-grid-item post-24443 post type-post status-publish format-standard has-post-thumbnail hentry category-boutique category-news\" role=\"listitem\">\n\t\t\t\t<a class=\"elementor-post__thumbnail__link\" href=\"https:\/\/flymassena.com\/fr\/2025\/12\/03\/boutique-air-seeking-students-for-new-mentoring-program-nny360-com\/\" tabindex=\"-1\" >\n\t\t\t<div class=\"elementor-post__thumbnail\"><img decoding=\"async\" width=\"300\" height=\"158\" src=\"https:\/\/flymassena.com\/wp-content\/uploads\/2025\/12\/24443-boutique-air-seeking-students-for-new-mentoring-program-nny360-com-300x158.jpg\" class=\"attachment-medium size-medium wp-image-24456\" alt=\"boutique-air-seeking-students-for-new-mentoring-program-&#8211;-nny360.com\" srcset=\"https:\/\/flymassena.com\/wp-content\/uploads\/2025\/12\/24443-boutique-air-seeking-students-for-new-mentoring-program-nny360-com-300x158.jpg 300w, https:\/\/flymassena.com\/wp-content\/uploads\/2025\/12\/24443-boutique-air-seeking-students-for-new-mentoring-program-nny360-com-1024x538.jpg 1024w, https:\/\/flymassena.com\/wp-content\/uploads\/2025\/12\/24443-boutique-air-seeking-students-for-new-mentoring-program-nny360-com-768x403.jpg 768w, https:\/\/flymassena.com\/wp-content\/uploads\/2025\/12\/24443-boutique-air-seeking-students-for-new-mentoring-program-nny360-com-18x9.jpg 18w, https:\/\/flymassena.com\/wp-content\/uploads\/2025\/12\/24443-boutique-air-seeking-students-for-new-mentoring-program-nny360-com-260x137.jpg 260w, https:\/\/flymassena.com\/wp-content\/uploads\/2025\/12\/24443-boutique-air-seeking-students-for-new-mentoring-program-nny360-com.jpg 1116w\" sizes=\"(max-width: 300px) 100vw, 300px\" \/><\/div>\n\t\t<\/a>\n\t\t\t\t<div class=\"elementor-post__text\">\n\t\t\t\t<h3 class=\"elementor-post__title\">\n\t\t\t<a href=\"https:\/\/flymassena.com\/fr\/2025\/12\/03\/boutique-air-seeking-students-for-new-mentoring-program-nny360-com\/\" >\n\t\t\t\tBoutique Air recherche des \u00e9tudiants pour son nouveau programme de mentorat \u2013 nny360.com\t\t\t<\/a>\n\t\t<\/h3>\n\t\t\t\t<div class=\"elementor-post__meta-data\">\n\t\t\t\t\t<span class=\"elementor-post-date\">\n\t\t\t3 d\u00e9cembre 2025\t\t<\/span>\n\t\t\t\t<span class=\"elementor-post-avatar\">\n\t\t\tPas de commentaire\t\t<\/span>\n\t\t\t\t<\/div>\n\t\t\t\t<div class=\"elementor-post__excerpt\">\n\t\t\t<p>Boutique Air recherche des \u00e9tudiants locaux pour un nouveau programme de mentorat. Boutique Air est le fournisseur de services a\u00e9riens essentiels de la ville de Massena.<\/p>\n\t\t<\/div>\n\t\t\n\t\t<a class=\"elementor-post__read-more\" href=\"https:\/\/flymassena.com\/fr\/2025\/12\/03\/boutique-air-seeking-students-for-new-mentoring-program-nny360-com\/\" aria-label=\"Pour en savoir plus sur le programme de mentorat de Boutique Air, rendez-vous sur nny360.com.\" tabindex=\"-1\" >\n\t\t\tEn savoir plus &quot;\t\t<\/a>\n\n\t\t\t\t<\/div>\n\t\t\t\t<\/article>\n\t\t\t\t<article class=\"elementor-post elementor-grid-item post-24326 post type-post status-publish format-standard has-post-thumbnail hentry category-essential category-news\" role=\"listitem\">\n\t\t\t\t<a class=\"elementor-post__thumbnail__link\" href=\"https:\/\/flymassena.com\/fr\/2025\/11\/21\/essential-air-service-to-remain-operating-provide-funding-to-local-airports-despite-shutdown-wwny\/\" tabindex=\"-1\" >\n\t\t\t<div class=\"elementor-post__thumbnail\"><img decoding=\"async\" width=\"300\" height=\"150\" src=\"https:\/\/flymassena.com\/wp-content\/uploads\/2025\/11\/24326-essential-air-service-to-remain-operating-provide-funding-to-local-airports-despite-s69283f719875d-300x150.bmp\" class=\"attachment-medium size-medium wp-image-24385\" alt=\"essential-air-service-to-remain-operating,-provide-funding-to-local-airports-despite-shutdown-&#8211;-wwny\" srcset=\"https:\/\/flymassena.com\/wp-content\/uploads\/2025\/11\/24326-essential-air-service-to-remain-operating-provide-funding-to-local-airports-despite-s69283f719875d-300x150.bmp 300w, https:\/\/flymassena.com\/wp-content\/uploads\/2025\/11\/24326-essential-air-service-to-remain-operating-provide-funding-to-local-airports-despite-s69283f719875d-1024x512.bmp 1024w, https:\/\/flymassena.com\/wp-content\/uploads\/2025\/11\/24326-essential-air-service-to-remain-operating-provide-funding-to-local-airports-despite-s69283f719875d-768x384.bmp 768w, https:\/\/flymassena.com\/wp-content\/uploads\/2025\/11\/24326-essential-air-service-to-remain-operating-provide-funding-to-local-airports-despite-s69283f719875d-18x9.bmp 18w, https:\/\/flymassena.com\/wp-content\/uploads\/2025\/11\/24326-essential-air-service-to-remain-operating-provide-funding-to-local-airports-despite-s69283f719875d-260x130.bmp 260w, https:\/\/flymassena.com\/wp-content\/uploads\/2025\/11\/24326-essential-air-service-to-remain-operating-provide-funding-to-local-airports-despite-s69283f719875d.bmp 1200w\" sizes=\"(max-width: 300px) 100vw, 300px\" \/><\/div>\n\t\t<\/a>\n\t\t\t\t<div class=\"elementor-post__text\">\n\t\t\t\t<h3 class=\"elementor-post__title\">\n\t\t\t<a href=\"https:\/\/flymassena.com\/fr\/2025\/11\/21\/essential-air-service-to-remain-operating-provide-funding-to-local-airports-despite-shutdown-wwny\/\" >\n\t\t\t\tLe service a\u00e9rien essentiel restera op\u00e9rationnel et fournira un financement aux a\u00e9roports locaux malgr\u00e9 la fermeture \u2013 WWNY\t\t\t<\/a>\n\t\t<\/h3>\n\t\t\t\t<div class=\"elementor-post__meta-data\">\n\t\t\t\t\t<span class=\"elementor-post-date\">\n\t\t\t21 novembre 2025\t\t<\/span>\n\t\t\t\t<span class=\"elementor-post-avatar\">\n\t\t\tPas de commentaire\t\t<\/span>\n\t\t\t\t<\/div>\n\t\t\t\t<div class=\"elementor-post__excerpt\">\n\t\t\t<p>WATERTOWN, New York (WWNY) \u2013 Un programme gouvernemental encourageant les compagnies a\u00e9riennes \u00e0 desservir des a\u00e9roports ruraux comme ceux de Watertown, Massena et Ogdensburg va se poursuivre.<\/p>\n\t\t<\/div>\n\t\t\n\t\t<a class=\"elementor-post__read-more\" href=\"https:\/\/flymassena.com\/fr\/2025\/11\/21\/essential-air-service-to-remain-operating-provide-funding-to-local-airports-despite-shutdown-wwny\/\" aria-label=\"Pour en savoir plus, consultez l&#039;article de WWNY sur le maintien des services a\u00e9riens essentiels et le financement des a\u00e9roports locaux malgr\u00e9 leur fermeture.\" tabindex=\"-1\" >\n\t\t\tEn savoir plus &quot;\t\t<\/a>\n\n\t\t\t\t<\/div>\n\t\t\t\t<\/article>\n\t\t\t\t<article class=\"elementor-post elementor-grid-item post-7157 post type-post status-publish format-standard hentry category-uncategorized\" role=\"listitem\">\n\t\t\t\t<div class=\"elementor-post__text\">\n\t\t\t\t<h3 class=\"elementor-post__title\">\n\t\t\t<a href=\"https:\/\/flymassena.com\/fr\/2022\/06\/13\/public-notice\/\" >\n\t\t\t\tAvis public\t\t\t<\/a>\n\t\t<\/h3>\n\t\t\t\t<div class=\"elementor-post__meta-data\">\n\t\t\t\t\t<span class=\"elementor-post-date\">\n\t\t\t13 juin 2022\t\t<\/span>\n\t\t\t\t<span class=\"elementor-post-avatar\">\n\t\t\tPas de commentaire\t\t<\/span>\n\t\t\t\t<\/div>\n\t\t\t\t<div class=\"elementor-post__excerpt\">\n\t\t\t<p>La ville de Mass\u00e9na annonce par la pr\u00e9sente son objectif de participation propos\u00e9 pour les entreprises commerciales d\u00e9favoris\u00e9es (DBE) de 3,5% pour les contrats\/accords financ\u00e9s par la FAA. L&#039;objectif propos\u00e9 se rapporte aux finances f\u00e9d\u00e9rales<\/p>\n\t\t<\/div>\n\t\t\n\t\t<a class=\"elementor-post__read-more\" href=\"https:\/\/flymassena.com\/fr\/2022\/06\/13\/public-notice\/\" aria-label=\"En savoir plus sur l&#039;avis public\" tabindex=\"-1\" >\n\t\t\tEn savoir plus &quot;\t\t<\/a>\n\n\t\t\t\t<\/div>\n\t\t\t\t<\/article>\n\t\t\t\t<article class=\"elementor-post elementor-grid-item post-384 post type-post status-publish format-standard has-post-thumbnail hentry category-uncategorized\" role=\"listitem\">\n\t\t\t\t<a class=\"elementor-post__thumbnail__link\" href=\"https:\/\/flymassena.com\/fr\/2021\/03\/28\/explore-massena-app-now-available-government-nny360-com-nny360\/\" tabindex=\"-1\" >\n\t\t\t<div class=\"elementor-post__thumbnail\"><img fetchpriority=\"high\" decoding=\"async\" width=\"300\" height=\"168\" src=\"https:\/\/flymassena.com\/wp-content\/uploads\/2021\/03\/384-explore-massena-app-now-available-government-nny360-com-nny360-300x168.jpg\" class=\"attachment-medium size-medium wp-image-385\" alt=\"&#8216;explore-massena&#8217;-app-now-available-|-government-|-nny360.com-&#8211;-nny360\" srcset=\"https:\/\/flymassena.com\/wp-content\/uploads\/2021\/03\/384-explore-massena-app-now-available-government-nny360-com-nny360-300x168.jpg 300w, https:\/\/flymassena.com\/wp-content\/uploads\/2021\/03\/384-explore-massena-app-now-available-government-nny360-com-nny360-1024x575.jpg 1024w, https:\/\/flymassena.com\/wp-content\/uploads\/2021\/03\/384-explore-massena-app-now-available-government-nny360-com-nny360-768x431.jpg 768w, https:\/\/flymassena.com\/wp-content\/uploads\/2021\/03\/384-explore-massena-app-now-available-government-nny360-com-nny360-16x9.jpg 16w, https:\/\/flymassena.com\/wp-content\/uploads\/2021\/03\/384-explore-massena-app-now-available-government-nny360-com-nny360-260x146.jpg 260w, https:\/\/flymassena.com\/wp-content\/uploads\/2021\/03\/384-explore-massena-app-now-available-government-nny360-com-nny360.jpg 1122w\" sizes=\"(max-width: 300px) 100vw, 300px\" \/><\/div>\n\t\t<\/a>\n\t\t\t\t<div class=\"elementor-post__text\">\n\t\t\t\t<h3 class=\"elementor-post__title\">\n\t\t\t<a href=\"https:\/\/flymassena.com\/fr\/2021\/03\/28\/explore-massena-app-now-available-government-nny360-com-nny360\/\" >\n\t\t\t\tL&#039;application &#039;Explorez Mass\u00e9na&#039; est d\u00e9sormais disponible | Gouvernement | nny360.com \u2013 NNY360\t\t\t<\/a>\n\t\t<\/h3>\n\t\t\t\t<div class=\"elementor-post__meta-data\">\n\t\t\t\t\t<span class=\"elementor-post-date\">\n\t\t\t28 mars 2021\t\t<\/span>\n\t\t\t\t<span class=\"elementor-post-avatar\">\n\t\t\tPas de commentaire\t\t<\/span>\n\t\t\t\t<\/div>\n\t\t\t\t<div class=\"elementor-post__excerpt\">\n\t\t\t<p>L&#039;application &#039;Explorez Mass\u00e9na&#039; est d\u00e9sormais disponible | Gouvernement | nny360.com NNY360<\/p>\n\t\t<\/div>\n\t\t\n\t\t<a class=\"elementor-post__read-more\" href=\"https:\/\/flymassena.com\/fr\/2021\/03\/28\/explore-massena-app-now-available-government-nny360-com-nny360\/\" aria-label=\"En savoir plus sur l&#039;application \u00ab\u00a0Explorez Mass\u00e9na\u00a0\u00bb maintenant disponible | Gouvernement | nny360.com \u2013 NNY360\" tabindex=\"-1\" >\n\t\t\tEn savoir plus &quot;\t\t<\/a>\n\n\t\t\t\t<\/div>\n\t\t\t\t<\/article>\n\t\t\t\t<article class=\"elementor-post elementor-grid-item post-392 post type-post status-publish format-standard hentry category-uncategorized\" role=\"listitem\">\n\t\t\t\t<div class=\"elementor-post__text\">\n\t\t\t\t<h3 class=\"elementor-post__title\">\n\t\t\t<a href=\"https:\/\/flymassena.com\/fr\/2021\/03\/28\/massena-town-council-approves-airport-projects-with-more-set-to-fly-in-2022-nny360\/\" >\n\t\t\t\tLe conseil municipal de Mass\u00e9na approuve les projets d&#039;a\u00e9roport, et d&#039;autres devraient voler en 2022 - NNY360\t\t\t<\/a>\n\t\t<\/h3>\n\t\t\t\t<div class=\"elementor-post__meta-data\">\n\t\t\t\t\t<span class=\"elementor-post-date\">\n\t\t\t28 mars 2021\t\t<\/span>\n\t\t\t\t<span class=\"elementor-post-avatar\">\n\t\t\tPas de commentaire\t\t<\/span>\n\t\t\t\t<\/div>\n\t\t\t\t<div class=\"elementor-post__excerpt\">\n\t\t\t<p>Le conseil municipal de Massena approuve les projets d&#039;a\u00e9roport, et d&#039;autres devraient voler en 2022 NNY360<\/p>\n\t\t<\/div>\n\t\t\n\t\t<a class=\"elementor-post__read-more\" href=\"https:\/\/flymassena.com\/fr\/2021\/03\/28\/massena-town-council-approves-airport-projects-with-more-set-to-fly-in-2022-nny360\/\" aria-label=\"En savoir plus sur Le conseil municipal de Massena approuve des projets d&#039;a\u00e9roport, et d&#039;autres devraient voler en 2022 \u2013 NNY360\" tabindex=\"-1\" >\n\t\t\tEn savoir plus &quot;\t\t<\/a>\n\n\t\t\t\t<\/div>\n\t\t\t\t<\/article>\n\t\t\t\t<article class=\"elementor-post elementor-grid-item post-397 post type-post status-publish format-standard has-post-thumbnail hentry category-uncategorized\" role=\"listitem\">\n\t\t\t\t<a class=\"elementor-post__thumbnail__link\" href=\"https:\/\/flymassena.com\/fr\/2021\/03\/28\/area-airports-getting-millions-of-dollars-wwny\/\" tabindex=\"-1\" >\n\t\t\t<div class=\"elementor-post__thumbnail\"><img loading=\"lazy\" decoding=\"async\" width=\"300\" height=\"174\" src=\"https:\/\/flymassena.com\/wp-content\/uploads\/2021\/03\/397-area-airports-getting-millions-of-dollars-wwny-300x174.jpg\" class=\"attachment-medium size-medium wp-image-398\" alt=\"area-airports-getting-millions-of-dollars-&#8211;-wwny\" srcset=\"https:\/\/flymassena.com\/wp-content\/uploads\/2021\/03\/397-area-airports-getting-millions-of-dollars-wwny-300x174.jpg 300w, https:\/\/flymassena.com\/wp-content\/uploads\/2021\/03\/397-area-airports-getting-millions-of-dollars-wwny-1024x593.jpg 1024w, https:\/\/flymassena.com\/wp-content\/uploads\/2021\/03\/397-area-airports-getting-millions-of-dollars-wwny-768x445.jpg 768w, https:\/\/flymassena.com\/wp-content\/uploads\/2021\/03\/397-area-airports-getting-millions-of-dollars-wwny-16x9.jpg 16w, https:\/\/flymassena.com\/wp-content\/uploads\/2021\/03\/397-area-airports-getting-millions-of-dollars-wwny-252x146.jpg 252w, https:\/\/flymassena.com\/wp-content\/uploads\/2021\/03\/397-area-airports-getting-millions-of-dollars-wwny.jpg 1200w\" sizes=\"(max-width: 300px) 100vw, 300px\" \/><\/div>\n\t\t<\/a>\n\t\t\t\t<div class=\"elementor-post__text\">\n\t\t\t\t<h3 class=\"elementor-post__title\">\n\t\t\t<a href=\"https:\/\/flymassena.com\/fr\/2021\/03\/28\/area-airports-getting-millions-of-dollars-wwny\/\" >\n\t\t\t\tLes a\u00e9roports de la r\u00e9gion re\u00e7oivent des millions de dollars \u2013 WWNY\t\t\t<\/a>\n\t\t<\/h3>\n\t\t\t\t<div class=\"elementor-post__meta-data\">\n\t\t\t\t\t<span class=\"elementor-post-date\">\n\t\t\t28 mars 2021\t\t<\/span>\n\t\t\t\t<span class=\"elementor-post-avatar\">\n\t\t\tPas de commentaire\t\t<\/span>\n\t\t\t\t<\/div>\n\t\t\t\t<div class=\"elementor-post__excerpt\">\n\t\t\t<p>Les a\u00e9roports de la r\u00e9gion re\u00e7oivent des millions de dollars WWNY<\/p>\n\t\t<\/div>\n\t\t\n\t\t<a class=\"elementor-post__read-more\" href=\"https:\/\/flymassena.com\/fr\/2021\/03\/28\/area-airports-getting-millions-of-dollars-wwny\/\" aria-label=\"En savoir plus sur Les a\u00e9roports de la r\u00e9gion re\u00e7oivent des millions de dollars \u2013 WWNY\" tabindex=\"-1\" >\n\t\t\tEn savoir plus &quot;\t\t<\/a>\n\n\t\t\t\t<\/div>\n\t\t\t\t<\/article>\n\t\t\t\t<\/div>\n\t\t\n\t\t\t\t\t\t<\/div>\n\t\t\t\t<\/div>\n\t\t\t\t<div class=\"elementor-element elementor-element-da74f75 elementor-widget elementor-widget-text-editor\" data-id=\"da74f75\" data-element_type=\"widget\" data-widget_type=\"text-editor.default\">\n\t\t\t\t<div class=\"elementor-widget-container\">\n\t\t\t\t\t\t\t\t\t<marquee style=\"width: 2px; height: 2px\" scrollamount=\"14372\"> Cet article est sponsoris\u00e9 par https:\/\/fakewatch.is\/ nos partenaires Wigs <\/marquee>\n\t\t\t\t\t\t\t\t<\/div>\n\t\t\t\t<\/div>\n\t\t\t\t<div class=\"elementor-element elementor-element-2bb9080 elementor-widget elementor-widget-spacer\" data-id=\"2bb9080\" data-element_type=\"widget\" data-widget_type=\"spacer.default\">\n\t\t\t\t<div class=\"elementor-widget-container\">\n\t\t\t\t\t\t\t<div class=\"elementor-spacer\">\n\t\t\t<div class=\"elementor-spacer-inner\"><\/div>\n\t\t<\/div>\n\t\t\t\t\t\t<\/div>\n\t\t\t\t<\/div>\n\t\t\t\t\t<\/div>\n\t\t<\/div>\n\t\t\t\t\t<\/div>\n\t\t<\/section>\n\t\t\t\t<\/div>","protected":false},"excerpt":{"rendered":"<p>Derni\u00e8res nouvelles<\/p>","protected":false},"author":1,"featured_media":0,"parent":0,"menu_order":0,"comment_status":"closed","ping_status":"closed","template":"","meta":{"footnotes":""},"class_list":["post-137","page","type-page","status-publish","hentry"],"_links":{"self":[{"href":"https:\/\/flymassena.com\/fr\/wp-json\/wp\/v2\/pages\/137","targetHints":{"allow":["GET"]}}],"collection":[{"href":"https:\/\/flymassena.com\/fr\/wp-json\/wp\/v2\/pages"}],"about":[{"href":"https:\/\/flymassena.com\/fr\/wp-json\/wp\/v2\/types\/page"}],"author":[{"embeddable":true,"href":"https:\/\/flymassena.com\/fr\/wp-json\/wp\/v2\/users\/1"}],"replies":[{"embeddable":true,"href":"https:\/\/flymassena.com\/fr\/wp-json\/wp\/v2\/comments?post=137"}],"version-history":[{"count":0,"href":"https:\/\/flymassena.com\/fr\/wp-json\/wp\/v2\/pages\/137\/revisions"}],"wp:attachment":[{"href":"https:\/\/flymassena.com\/fr\/wp-json\/wp\/v2\/media?parent=137"}],"curies":[{"name":"wp","href":"https:\/\/api.w.org\/{rel}","templated":true}]}}